{"id":1006,"date":"2017-05-22T16:20:43","date_gmt":"2017-05-22T14:20:43","guid":{"rendered":"http:\/\/www.parcdeladranse.com\/camping\/?page_id=1006"},"modified":"2025-07-28T15:34:10","modified_gmt":"2025-07-28T13:34:10","slug":"locations","status":"publish","type":"page","link":"https:\/\/www.parcdeladranse.com\/camping\/locations\/","title":{"rendered":"Locations"},"content":{"rendered":"<div class=\"wpb-content-wrapper\">\n<div class=\"wp-block-columns is-layout-flex wp-container-core-columns-is-layout-9d6595d7 wp-block-columns-is-layout-flex\">\n<div class=\"wp-block-column is-layout-flow wp-block-column-is-layout-flow\" style=\"flex-basis:100%\">\n<div class=\"wp-block-group\"><div class=\"wp-block-group__inner-container is-layout-flow wp-block-group-is-layout-flow\"><p><ctv-searchbar ><\/ctv-searchbar><br \/>\n[vc_row][vc_column][vc_empty_space]<h2 style=\"color:;\" class=\"  left\">Locations \u00e0 la nuit (min 2) et \u00e0 la semaine<\/h2>[vc_empty_space height=\u00a0\u00bb15px\u00a0\u00bb]<div class=\"nicdark_divider  left small \"><span style=\"background-color:rgba(10,0,0,0.31);\" ><\/span><\/div>[vc_empty_space][vc_column_text]<\/p>\n<p class=\"p1\"><span class=\"s1\">La camping Parc de la Dranse, proche du Lac lac L\u00e9man dispose de\u00a0cottages \u00a0neufs et modernes, qui b\u00e9n\u00e9ficient d\u2019un design ext\u00e9rieur s\u2019int\u00e9grant parfaitement dans ce parc bois\u00e9.<\/span><\/p>\n<p>A l\u2019int\u00e9rieur on retrouve un design moderne et lumineux avec ces deux portes doubles vitrages, une donnant acc\u00e8s au salon, et l&rsquo;autre sur la cuisine. Les mobil home sont \u00e9galement terres bien \u00e9quip\u00e9. (Lave vaisselle, micro-onde, cafeti\u00e8re, bouilloire&#8230;)<\/p>\n<p>Les mobil home dispose d\u2019un acc\u00e8s direct entre la cuisine, et l\u2019espace repas sur la terrasse.<\/p>\n<p>Des locations tr\u00e8s conviviales \u00e0 partager entre amis ou ou en famille !\u00a0Confortable et moderne, tous les atouts sont r\u00e9unis pour\u00a0d&rsquo;inoubliables\u00a0vacances dans ces cottages.[\/vc_column_text][vc_empty_space]<div class=\"nicdark_masonry_container\">\n\n\n<div id=\"800\" class=\"grid grid_12 percentage nicdark_masonry_item nicdark_padding10 nicdark_sizing\">\n               \n\n    <div class=\"nicdark_focus nicdark_bg_yellow nicdark_relative\">\n\n        <div class=\"nicdark_focus nicdark_displaynone_desktop nicdark_displayblock_iphonepotr nicdark_displayblock_iphoneland nicdark_displayblock_ipadpotr nicdark_displayblock_ipadland\">\n            <!--start image-->\n        <div class=\"nicdark_focus nicdark_relative nicdark_fadeinout nicdark_overflow\">    \n\n            <img decoding=\"async\" alt=\"\" class=\"nicdark_focus nicdark_zoom_image\" src=\"https:\/\/www.parcdeladranse.com\/camping\/wp-content\/uploads\/2017\/04\/Suite-Zen-1024x678.jpg\">\n\n            \n            <!--price-->\n            <div class=\"nicdark_fadeout nicdark_absolute nicdark_height100percentage nicdark_width_percentage100\">  \n                <a href=\"https:\/\/www.parcdeladranse.com\/camping\/accommodations\/suite-zen\/\" class=\"nicdark_btn nicdark_bg_yellow left white medium\">A partir de 75\u20ac 2 nuits minimum<\/a>\n            <\/div>\n            <!--end price-->\n\n\n            <!--start content-->\n            <div class=\"nicdark_fadein nicdark_filter greydark nicdark_absolute nicdark_height100percentage nicdark_width_percentage100\">\n                <div class=\"nicdark_absolute nicdark_display_table nicdark_height100percentage nicdark_width_percentage100\">\n                    <div class=\"nicdark_cell nicdark_vertical_middle\">\n                        <a href=\"https:\/\/www.parcdeladranse.com\/camping\/accommodations\/suite-zen\/\" class=\"nicdark_btn nicdark_border_white white medium\">EN SAVOIR +<\/a>\n                    <\/div>   \n                <\/div>   \n            <\/div>\n            <!--end content-->\n\n        <\/div>\n        <!--end image-->\n        <\/div>\n\n        <div class=\"nicdark_displaynone_responsive nicdark_width_percentage30 nicdark_focus\">\n            <div class=\"nicdark_space1\"><\/div>\n        <\/div>\n\n        <div style=\"background-image:url(https:\/\/www.parcdeladranse.com\/camping\/wp-content\/uploads\/2017\/04\/Suite-Zen-1024x678.jpg); background-size:cover; background-position:center center;\" class=\"nicdark_displaynone_responsive nicdark_overflow nicdark_bg_greydark nicdark_width_percentage30 nicdark_absolute_floatnone nicdark_height100percentage nicdark_focus\">\n            \n        <\/div>\n\n        <div class=\"nicdark_width100_responsive nicdark_width_percentage50 nicdark_focus nicdark_bg_white nicdark_border_grey nicdark_sizing\">\n            <div class=\"nicdark_textevidence nicdark_bg_grey nicdark_borderbottom_grey\">\n                <h4 class=\"grey nicdark_margin20\">SUITE ZEN<\/h4>\n            <\/div>\n            <div class=\"nicdark_margin20\">\n                <p>Jolie chambre dans un cottage individuel de 18 m\u00b2,  ind\u00e9pendante sur un terrain de 120 m\u00b2 , et donc la garantie de bien dormir. Les beaux jours vous pourrez profiter de la terrasse, avec table, chaises de jardin [...]<\/p>\n                <div class=\"nicdark_space20\"><\/div><a title=\"Climatisation\" class=\"nicdark_bg_grey_hover nicdark_tooltip nicdark_transition nicdark_btn_icon nicdark_border_grey small grey nicdark_margin010 nicdark_marginleft0\"><i class=\"icon-snow\"><\/i><\/a><a title=\"WiFi\" class=\"nicdark_bg_grey_hover nicdark_tooltip nicdark_transition nicdark_btn_icon nicdark_border_grey small grey nicdark_margin010 nicdark_marginleft0\"><i class=\"icon-wifi\"><\/i><\/a><\/div>\n        <\/div>\n\n        <div class=\"nicdark_displaynone_responsive nicdark_width_percentage20 nicdark_height100percentage nicdark_absolute_floatnone right\">\n            <div class=\"nicdark_filter nicdark_display_table nicdark_height100percentage center\">\n\n                <div class=\"nicdark_cell nicdark_vertical_middle\">\n                    <h1 class=\"white\">A partir de 75\u20ac<\/h1>\n                    <div class=\"nicdark_space10\"><\/div>\n                    <h4 class=\"white\">2 nuits minimum<\/h4>\n                    <div class=\"nicdark_space20\"><\/div><a href=\"https:\/\/www.parcdeladranse.com\/camping\/accommodations\/suite-zen\/\" class=\"nicdark_border_white white nicdark_btn nicdark_outline medium \">EN SAVOIR +<\/a>\n                <\/div>\n                \n            <\/div>\n        <\/div>\n\n    <\/div>\n<\/div>\n\n\n\n\n\n\n\n\n\n\n\n<div id=\"212\" class=\"grid grid_12 percentage nicdark_masonry_item nicdark_padding10 nicdark_sizing\">\n               \n\n    <div class=\"nicdark_focus nicdark_bg_yellow nicdark_relative\">\n\n        <div class=\"nicdark_focus nicdark_displaynone_desktop nicdark_displayblock_iphonepotr nicdark_displayblock_iphoneland nicdark_displayblock_ipadpotr nicdark_displayblock_ipadland\">\n            <!--start image-->\n        <div class=\"nicdark_focus nicdark_relative nicdark_fadeinout nicdark_overflow\">    \n\n            <img decoding=\"async\" alt=\"\" class=\"nicdark_focus nicdark_zoom_image\" src=\"https:\/\/www.parcdeladranse.com\/camping\/wp-content\/uploads\/2016\/02\/cottage-2-ext-e1501184338429-1024x609.jpg\">\n\n            \n            <!--price-->\n            <div class=\"nicdark_fadeout nicdark_absolute nicdark_height100percentage nicdark_width_percentage100\">  \n                <a href=\"https:\/\/www.parcdeladranse.com\/camping\/accommodations\/cottage-confort-2\/\" class=\"nicdark_btn nicdark_bg_yellow left white medium\">A partir de 456\u20ac la semaine<\/a>\n            <\/div>\n            <!--end price-->\n\n\n            <!--start content-->\n            <div class=\"nicdark_fadein nicdark_filter greydark nicdark_absolute nicdark_height100percentage nicdark_width_percentage100\">\n                <div class=\"nicdark_absolute nicdark_display_table nicdark_height100percentage nicdark_width_percentage100\">\n                    <div class=\"nicdark_cell nicdark_vertical_middle\">\n                        <a href=\"https:\/\/www.parcdeladranse.com\/camping\/accommodations\/cottage-confort-2\/\" class=\"nicdark_btn nicdark_border_white white medium\">EN SAVOIR +<\/a>\n                    <\/div>   \n                <\/div>   \n            <\/div>\n            <!--end content-->\n\n        <\/div>\n        <!--end image-->\n        <\/div>\n\n        <div class=\"nicdark_displaynone_responsive nicdark_width_percentage30 nicdark_focus\">\n            <div class=\"nicdark_space1\"><\/div>\n        <\/div>\n\n        <div style=\"background-image:url(https:\/\/www.parcdeladranse.com\/camping\/wp-content\/uploads\/2016\/02\/cottage-2-ext-e1501184338429-1024x609.jpg); background-size:cover; background-position:center center;\" class=\"nicdark_displaynone_responsive nicdark_overflow nicdark_bg_greydark nicdark_width_percentage30 nicdark_absolute_floatnone nicdark_height100percentage nicdark_focus\">\n            \n        <\/div>\n\n        <div class=\"nicdark_width100_responsive nicdark_width_percentage50 nicdark_focus nicdark_bg_white nicdark_border_grey nicdark_sizing\">\n            <div class=\"nicdark_textevidence nicdark_bg_grey nicdark_borderbottom_grey\">\n                <h4 class=\"grey nicdark_margin20\">COTTAGE CONFORT 2<\/h4>\n            <\/div>\n            <div class=\"nicdark_margin20\">\n                <p>Une surface de 30 m\u00b2 comprenant 1 s\u00e9jour, avec zone salon et zone repas pour plus de confort. Une salle d\u2019eau avec grande douche, lavabo, s\u00e8che cheveux. WC s\u00e9par\u00e9. 2 chambres.<\/p>\n                <div class=\"nicdark_space20\"><\/div><a title=\"Animaux autoris\u00e9s\" class=\"nicdark_bg_grey_hover nicdark_tooltip nicdark_transition nicdark_btn_icon nicdark_border_grey small grey nicdark_margin010 nicdark_marginleft0\"><i class=\"icon-paw\"><\/i><\/a><a title=\"Climatisation\" class=\"nicdark_bg_grey_hover nicdark_tooltip nicdark_transition nicdark_btn_icon nicdark_border_grey small grey nicdark_margin010 nicdark_marginleft0\"><i class=\"icon-snow\"><\/i><\/a><a title=\"WiFi\" class=\"nicdark_bg_grey_hover nicdark_tooltip nicdark_transition nicdark_btn_icon nicdark_border_grey small grey nicdark_margin010 nicdark_marginleft0\"><i class=\"icon-wifi\"><\/i><\/a><\/div>\n        <\/div>\n\n        <div class=\"nicdark_displaynone_responsive nicdark_width_percentage20 nicdark_height100percentage nicdark_absolute_floatnone right\">\n            <div class=\"nicdark_filter nicdark_display_table nicdark_height100percentage center\">\n\n                <div class=\"nicdark_cell nicdark_vertical_middle\">\n                    <h1 class=\"white\">A partir de 456\u20ac<\/h1>\n                    <div class=\"nicdark_space10\"><\/div>\n                    <h4 class=\"white\">la semaine<\/h4>\n                    <div class=\"nicdark_space20\"><\/div><a href=\"https:\/\/www.parcdeladranse.com\/camping\/accommodations\/cottage-confort-2\/\" class=\"nicdark_border_white white nicdark_btn nicdark_outline medium \">EN SAVOIR +<\/a>\n                <\/div>\n                \n            <\/div>\n        <\/div>\n\n    <\/div>\n<\/div>\n\n\n\n\n\n\n\n\n\n\n\n<div id=\"815\" class=\"grid grid_12 percentage nicdark_masonry_item nicdark_padding10 nicdark_sizing\">\n               \n\n    <div class=\"nicdark_focus nicdark_bg_yellow nicdark_relative\">\n\n        <div class=\"nicdark_focus nicdark_displaynone_desktop nicdark_displayblock_iphonepotr nicdark_displayblock_iphoneland nicdark_displayblock_ipadpotr nicdark_displayblock_ipadland\">\n            <!--start image-->\n        <div class=\"nicdark_focus nicdark_relative nicdark_fadeinout nicdark_overflow\">    \n\n            <img decoding=\"async\" alt=\"\" class=\"nicdark_focus nicdark_zoom_image\" src=\"https:\/\/www.parcdeladranse.com\/camping\/wp-content\/uploads\/2017\/03\/Cottage3ext1-e1501184297198.jpg\">\n\n            \n            <!--price-->\n            <div class=\"nicdark_fadeout nicdark_absolute nicdark_height100percentage nicdark_width_percentage100\">  \n                <a href=\"https:\/\/www.parcdeladranse.com\/camping\/accommodations\/cottage-confort-3\/\" class=\"nicdark_btn nicdark_bg_yellow left white medium\">A partir de 514\u20ac la semaine<\/a>\n            <\/div>\n            <!--end price-->\n\n\n            <!--start content-->\n            <div class=\"nicdark_fadein nicdark_filter greydark nicdark_absolute nicdark_height100percentage nicdark_width_percentage100\">\n                <div class=\"nicdark_absolute nicdark_display_table nicdark_height100percentage nicdark_width_percentage100\">\n                    <div class=\"nicdark_cell nicdark_vertical_middle\">\n                        <a href=\"https:\/\/www.parcdeladranse.com\/camping\/accommodations\/cottage-confort-3\/\" class=\"nicdark_btn nicdark_border_white white medium\">EN SAVOIR +<\/a>\n                    <\/div>   \n                <\/div>   \n            <\/div>\n            <!--end content-->\n\n        <\/div>\n        <!--end image-->\n        <\/div>\n\n        <div class=\"nicdark_displaynone_responsive nicdark_width_percentage30 nicdark_focus\">\n            <div class=\"nicdark_space1\"><\/div>\n        <\/div>\n\n        <div style=\"background-image:url(https:\/\/www.parcdeladranse.com\/camping\/wp-content\/uploads\/2017\/03\/Cottage3ext1-e1501184297198.jpg); background-size:cover; background-position:center center;\" class=\"nicdark_displaynone_responsive nicdark_overflow nicdark_bg_greydark nicdark_width_percentage30 nicdark_absolute_floatnone nicdark_height100percentage nicdark_focus\">\n            \n        <\/div>\n\n        <div class=\"nicdark_width100_responsive nicdark_width_percentage50 nicdark_focus nicdark_bg_white nicdark_border_grey nicdark_sizing\">\n            <div class=\"nicdark_textevidence nicdark_bg_grey nicdark_borderbottom_grey\">\n                <h4 class=\"grey nicdark_margin20\">COTTAGE CONFORT 3<\/h4>\n            <\/div>\n            <div class=\"nicdark_margin20\">\n                <p>Une surface de 35 m\u00b2 comprenant 1 s\u00e9jour, avec zone salon et zone repas pour plus de confort. Une salle d\u2019eau avec grande douche, lavabo, s\u00e8che cheveux. WC s\u00e9par\u00e9. 3 chambres.<\/p>\n                <div class=\"nicdark_space20\"><\/div><a title=\"Animaux autoris\u00e9s\" class=\"nicdark_bg_grey_hover nicdark_tooltip nicdark_transition nicdark_btn_icon nicdark_border_grey small grey nicdark_margin010 nicdark_marginleft0\"><i class=\"icon-paw\"><\/i><\/a><a title=\"Climatisation\" class=\"nicdark_bg_grey_hover nicdark_tooltip nicdark_transition nicdark_btn_icon nicdark_border_grey small grey nicdark_margin010 nicdark_marginleft0\"><i class=\"icon-snow\"><\/i><\/a><a title=\"WiFi\" class=\"nicdark_bg_grey_hover nicdark_tooltip nicdark_transition nicdark_btn_icon nicdark_border_grey small grey nicdark_margin010 nicdark_marginleft0\"><i class=\"icon-wifi\"><\/i><\/a><\/div>\n        <\/div>\n\n        <div class=\"nicdark_displaynone_responsive nicdark_width_percentage20 nicdark_height100percentage nicdark_absolute_floatnone right\">\n            <div class=\"nicdark_filter nicdark_display_table nicdark_height100percentage center\">\n\n                <div class=\"nicdark_cell nicdark_vertical_middle\">\n                    <h1 class=\"white\">A partir de 514\u20ac<\/h1>\n                    <div class=\"nicdark_space10\"><\/div>\n                    <h4 class=\"white\">la semaine<\/h4>\n                    <div class=\"nicdark_space20\"><\/div><a href=\"https:\/\/www.parcdeladranse.com\/camping\/accommodations\/cottage-confort-3\/\" class=\"nicdark_border_white white nicdark_btn nicdark_outline medium \">EN SAVOIR +<\/a>\n                <\/div>\n                \n            <\/div>\n        <\/div>\n\n    <\/div>\n<\/div>\n\n\n\n\n\n\n\n\n\n\n\n<div id=\"809\" class=\"grid grid_12 percentage nicdark_masonry_item nicdark_padding10 nicdark_sizing\">\n               \n\n    <div class=\"nicdark_focus nicdark_bg_yellow nicdark_relative\">\n\n        <div class=\"nicdark_focus nicdark_displaynone_desktop nicdark_displayblock_iphonepotr nicdark_displayblock_iphoneland nicdark_displayblock_ipadpotr nicdark_displayblock_ipadland\">\n            <!--start image-->\n        <div class=\"nicdark_focus nicdark_relative nicdark_fadeinout nicdark_overflow\">    \n\n            <img decoding=\"async\" alt=\"\" class=\"nicdark_focus nicdark_zoom_image\" src=\"https:\/\/www.parcdeladranse.com\/camping\/wp-content\/uploads\/2020\/01\/Facade-CANARD-1024x752.jpg\">\n\n            \n            <!--price-->\n            <div class=\"nicdark_fadeout nicdark_absolute nicdark_height100percentage nicdark_width_percentage100\">  \n                <a href=\"https:\/\/www.parcdeladranse.com\/camping\/accommodations\/cottage-luxe\/\" class=\"nicdark_btn nicdark_bg_yellow left white medium\">A partir de 681\u20ac la semaine<\/a>\n            <\/div>\n            <!--end price-->\n\n\n            <!--start content-->\n            <div class=\"nicdark_fadein nicdark_filter greydark nicdark_absolute nicdark_height100percentage nicdark_width_percentage100\">\n                <div class=\"nicdark_absolute nicdark_display_table nicdark_height100percentage nicdark_width_percentage100\">\n                    <div class=\"nicdark_cell nicdark_vertical_middle\">\n                        <a href=\"https:\/\/www.parcdeladranse.com\/camping\/accommodations\/cottage-luxe\/\" class=\"nicdark_btn nicdark_border_white white medium\">EN SAVOIR +<\/a>\n                    <\/div>   \n                <\/div>   \n            <\/div>\n            <!--end content-->\n\n        <\/div>\n        <!--end image-->\n        <\/div>\n\n        <div class=\"nicdark_displaynone_responsive nicdark_width_percentage30 nicdark_focus\">\n            <div class=\"nicdark_space1\"><\/div>\n        <\/div>\n\n        <div style=\"background-image:url(https:\/\/www.parcdeladranse.com\/camping\/wp-content\/uploads\/2020\/01\/Facade-CANARD-1024x752.jpg); background-size:cover; background-position:center center;\" class=\"nicdark_displaynone_responsive nicdark_overflow nicdark_bg_greydark nicdark_width_percentage30 nicdark_absolute_floatnone nicdark_height100percentage nicdark_focus\">\n            \n        <\/div>\n\n        <div class=\"nicdark_width100_responsive nicdark_width_percentage50 nicdark_focus nicdark_bg_white nicdark_border_grey nicdark_sizing\">\n            <div class=\"nicdark_textevidence nicdark_bg_grey nicdark_borderbottom_grey\">\n                <h4 class=\"grey nicdark_margin20\">COTTAGE LUXE 1 SDB<\/h4>\n            <\/div>\n            <div class=\"nicdark_margin20\">\n                <p>Une surface de 40 m\u00b2, en 2 chambres . 1 salle de bain avec grande douche 1mx0,80, lavabo. WC s\u00e9par\u00e9. Espace de vie spacieux avec coin repas et coin salon. Canap\u00e9 confort. Grande Baie vitr\u00e9e avec vue d\u00e9gag\u00e9e. <\/p>\n                <div class=\"nicdark_space20\"><\/div><a title=\"WiFi\" class=\"nicdark_bg_grey_hover nicdark_tooltip nicdark_transition nicdark_btn_icon nicdark_border_grey small grey nicdark_margin010 nicdark_marginleft0\"><i class=\"icon-wifi\"><\/i><\/a><\/div>\n        <\/div>\n\n        <div class=\"nicdark_displaynone_responsive nicdark_width_percentage20 nicdark_height100percentage nicdark_absolute_floatnone right\">\n            <div class=\"nicdark_filter nicdark_display_table nicdark_height100percentage center\">\n\n                <div class=\"nicdark_cell nicdark_vertical_middle\">\n                    <h1 class=\"white\">A partir de 681\u20ac<\/h1>\n                    <div class=\"nicdark_space10\"><\/div>\n                    <h4 class=\"white\">la semaine<\/h4>\n                    <div class=\"nicdark_space20\"><\/div><a href=\"https:\/\/www.parcdeladranse.com\/camping\/accommodations\/cottage-luxe\/\" class=\"nicdark_border_white white nicdark_btn nicdark_outline medium \">EN SAVOIR +<\/a>\n                <\/div>\n                \n            <\/div>\n        <\/div>\n\n    <\/div>\n<\/div>\n\n\n\n\n\n\n\n\n\n\n\n<div id=\"1144\" class=\"grid grid_12 percentage nicdark_masonry_item nicdark_padding10 nicdark_sizing\">\n               \n\n    <div class=\"nicdark_focus nicdark_bg_orange nicdark_relative\">\n\n        <div class=\"nicdark_focus nicdark_displaynone_desktop nicdark_displayblock_iphonepotr nicdark_displayblock_iphoneland nicdark_displayblock_ipadpotr nicdark_displayblock_ipadland\">\n            <!--start image-->\n        <div class=\"nicdark_focus nicdark_relative nicdark_fadeinout nicdark_overflow\">    \n\n            <img decoding=\"async\" alt=\"\" class=\"nicdark_focus nicdark_zoom_image\" src=\"https:\/\/www.parcdeladranse.com\/camping\/wp-content\/uploads\/2018\/04\/MOUGIN-EXT3-1024x740.jpg\">\n\n            \n            <!--price-->\n            <div class=\"nicdark_fadeout nicdark_absolute nicdark_height100percentage nicdark_width_percentage100\">  \n                <a href=\"https:\/\/www.parcdeladranse.com\/camping\/accommodations\/cottage-luxe-2-sdb\/\" class=\"nicdark_btn nicdark_bg_orange left white medium\">A partir de 681\u20ac  la semaine<\/a>\n            <\/div>\n            <!--end price-->\n\n\n            <!--start content-->\n            <div class=\"nicdark_fadein nicdark_filter greydark nicdark_absolute nicdark_height100percentage nicdark_width_percentage100\">\n                <div class=\"nicdark_absolute nicdark_display_table nicdark_height100percentage nicdark_width_percentage100\">\n                    <div class=\"nicdark_cell nicdark_vertical_middle\">\n                        <a href=\"https:\/\/www.parcdeladranse.com\/camping\/accommodations\/cottage-luxe-2-sdb\/\" class=\"nicdark_btn nicdark_border_white white medium\">EN SAVOIR +<\/a>\n                    <\/div>   \n                <\/div>   \n            <\/div>\n            <!--end content-->\n\n        <\/div>\n        <!--end image-->\n        <\/div>\n\n        <div class=\"nicdark_displaynone_responsive nicdark_width_percentage30 nicdark_focus\">\n            <div class=\"nicdark_space1\"><\/div>\n        <\/div>\n\n        <div style=\"background-image:url(https:\/\/www.parcdeladranse.com\/camping\/wp-content\/uploads\/2018\/04\/MOUGIN-EXT3-1024x740.jpg); background-size:cover; background-position:center center;\" class=\"nicdark_displaynone_responsive nicdark_overflow nicdark_bg_greydark nicdark_width_percentage30 nicdark_absolute_floatnone nicdark_height100percentage nicdark_focus\">\n            \n        <\/div>\n\n        <div class=\"nicdark_width100_responsive nicdark_width_percentage50 nicdark_focus nicdark_bg_white nicdark_border_grey nicdark_sizing\">\n            <div class=\"nicdark_textevidence nicdark_bg_grey nicdark_borderbottom_grey\">\n                <h4 class=\"grey nicdark_margin20\">COTTAGE LUXE 2 SDB<\/h4>\n            <\/div>\n            <div class=\"nicdark_margin20\">\n                <p>H\u00e9bergement 2 chambres avec 2 Salle de Bain, 40 m\u00b2<br>\r\nLes cottages TAOS de 40 m\u00b2 sont des produits tr\u00e8s spacieux, design et luxueux. Grands emplacement d\u2019au moins 220 m\u00b2 [...]<\/p>\n                <div class=\"nicdark_space20\"><\/div><a title=\"Climatisation\" class=\"nicdark_bg_grey_hover nicdark_tooltip nicdark_transition nicdark_btn_icon nicdark_border_grey small grey nicdark_margin010 nicdark_marginleft0\"><i class=\"icon-snow\"><\/i><\/a><a title=\"WiFi\" class=\"nicdark_bg_grey_hover nicdark_tooltip nicdark_transition nicdark_btn_icon nicdark_border_grey small grey nicdark_margin010 nicdark_marginleft0\"><i class=\"icon-wifi\"><\/i><\/a><\/div>\n        <\/div>\n\n        <div class=\"nicdark_displaynone_responsive nicdark_width_percentage20 nicdark_height100percentage nicdark_absolute_floatnone right\">\n            <div class=\"nicdark_filter nicdark_display_table nicdark_height100percentage center\">\n\n                <div class=\"nicdark_cell nicdark_vertical_middle\">\n                    <h1 class=\"white\">A partir de 681\u20ac <\/h1>\n                    <div class=\"nicdark_space10\"><\/div>\n                    <h4 class=\"white\">la semaine<\/h4>\n                    <div class=\"nicdark_space20\"><\/div><a href=\"https:\/\/www.parcdeladranse.com\/camping\/accommodations\/cottage-luxe-2-sdb\/\" class=\"nicdark_border_white white nicdark_btn nicdark_outline medium \">EN SAVOIR +<\/a>\n                <\/div>\n                \n            <\/div>\n        <\/div>\n\n    <\/div>\n<\/div>\n\n\n\n\n\n\n\n\n<\/div>[\/vc_column][\/vc_row]<\/p>\n<\/div><\/div>\n<\/div>\n<\/div>\n\n\n\n<p>[vc_row][vc_column][vc_empty_space height=\u00a0\u00bb80px\u00a0\u00bb][\/vc_column][\/vc_row]<\/p>\n<\/div>","protected":false},"excerpt":{"rendered":"<p>[vc_row][vc_column][vc_empty_space height=\u00a0\u00bb80px\u00a0\u00bb][\/vc_column][\/vc_row]<\/p>\n","protected":false},"author":1,"featured_media":1084,"parent":0,"menu_order":0,"comment_status":"closed","ping_status":"closed","template":"","meta":{"footnotes":""},"categories":[6],"tags":[],"class_list":["post-1006","page","type-page","status-publish","has-post-thumbnail","hentry","category-semaine"],"_links":{"self":[{"href":"https:\/\/www.parcdeladranse.com\/camping\/wp-json\/wp\/v2\/pages\/1006","targetHints":{"allow":["GET"]}}],"collection":[{"href":"https:\/\/www.parcdeladranse.com\/camping\/wp-json\/wp\/v2\/pages"}],"about":[{"href":"https:\/\/www.parcdeladranse.com\/camping\/wp-json\/wp\/v2\/types\/page"}],"author":[{"embeddable":true,"href":"https:\/\/www.parcdeladranse.com\/camping\/wp-json\/wp\/v2\/users\/1"}],"replies":[{"embeddable":true,"href":"https:\/\/www.parcdeladranse.com\/camping\/wp-json\/wp\/v2\/comments?post=1006"}],"version-history":[{"count":17,"href":"https:\/\/www.parcdeladranse.com\/camping\/wp-json\/wp\/v2\/pages\/1006\/revisions"}],"predecessor-version":[{"id":1492,"href":"https:\/\/www.parcdeladranse.com\/camping\/wp-json\/wp\/v2\/pages\/1006\/revisions\/1492"}],"wp:featuredmedia":[{"embeddable":true,"href":"https:\/\/www.parcdeladranse.com\/camping\/wp-json\/wp\/v2\/media\/1084"}],"wp:attachment":[{"href":"https:\/\/www.parcdeladranse.com\/camping\/wp-json\/wp\/v2\/media?parent=1006"}],"wp:term":[{"taxonomy":"category","embeddable":true,"href":"https:\/\/www.parcdeladranse.com\/camping\/wp-json\/wp\/v2\/categories?post=1006"},{"taxonomy":"post_tag","embeddable":true,"href":"https:\/\/www.parcdeladranse.com\/camping\/wp-json\/wp\/v2\/tags?post=1006"}],"curies":[{"name":"wp","href":"https:\/\/api.w.org\/{rel}","templated":true}]}}