{"id":1508,"date":"2025-08-06T17:41:31","date_gmt":"2025-08-06T15:41:31","guid":{"rendered":"https:\/\/www.parcdeladranse.com\/camping\/?page_id=1508"},"modified":"2025-08-06T17:42:48","modified_gmt":"2025-08-06T15:42:48","slug":"mentions-legales","status":"publish","type":"page","link":"https:\/\/www.parcdeladranse.com\/camping\/mentions-legales\/","title":{"rendered":"Mentions L\u00e9gales"},"content":{"rendered":"<div class=\"wpb-content-wrapper\"><p>[vc_row][vc_column][vc_column_text css=\u00a0\u00bb.vc_custom_1754494965451{margin-top: 20px !important;margin-bottom: 100px !important;}\u00a0\u00bb]<\/p>\n<h1 class=\"p1\">Mentions L\u00e9gales<\/h1>\n<p>&nbsp;<\/p>\n<h2 class=\"p3\">Propri\u00e9t\u00e9 et responsabilit\u00e9 \u00e9ditoriale\u00a0:<\/h2>\n<p>&nbsp;<\/p>\n<p class=\"p3\">CAMPING Parc de la Dranse<\/p>\n<p class=\"p3\">TEL\u00a0: 33 (0)4 50 16 03 80 \/ 06 37 26 68 42<br \/>\nAPE 5530Z<br \/>\nSi\u00e8ge Social\u00a0: 821 route de la Dranse \u2013 74500 Publier<br \/>\nForme juridique\u00a0: EURL<br \/>\nSIRET\u00a0: 453 619 074 000 25<br \/>\nTVA\u00a0: FR02 453 619 074<br \/>\nD\u00e9cision de classement 3***\u00a0: 06\/12\/2022 n\u00b0\u00a0d\u2019enregistrement C74-053862-002<\/p>\n<p class=\"p3\">Le site www.parcdeladranse.com est la propri\u00e9t\u00e9 de l\u2019EURL Camping Parc de la Dranse<\/p>\n<p class=\"p3\">Le nom \u00ab\u00a0Camping Parc de la Dranse \u00bb ainsi que son logo sont des marques d\u00e9pos\u00e9es \u00e0 l\u2019INPI, propri\u00e9t\u00e9s de l\u2019EURL Camping Parc de la Dranse.<\/p>\n<p>&nbsp;<\/p>\n<h2 class=\"p4\"><b>Directeur de la publication\u00a0:<\/b><\/h2>\n<p>&nbsp;<\/p>\n<p class=\"p4\">Frenchbrand Communication<\/p>\n<p>Lyon 69004 &#8211; frenchbrand.fr<\/p>\n<p>&nbsp;<\/p>\n<h2 class=\"p3\">Mention relative \u00e0 la rectification et \u00e0 la suppression des donn\u00e9es nominatives<\/h2>\n<p>&nbsp;<\/p>\n<p class=\"p3\">En application de la Loi n\u00b0\u00a078-17 du 6 janvier 1978 relative \u00e0 l\u2019Informatique, aux Fichiers et aux Libert\u00e9s, vous disposez des droits d\u2019opposition (art. 26 de la loi), d\u2019acc\u00e8s (art.34 \u00e0 38 de la loi) et de rectification (art. 36 de la loi) des donn\u00e9es vous concernant. Ainsi, vous pouvez exiger que soient rectifi\u00e9es, compl\u00e9t\u00e9es, mises \u00e0 jour ou effac\u00e9es les informations vous concernant qui sont inexactes, incompl\u00e8tes, \u00e9quivoques, p\u00e9rim\u00e9es ou dont la collecte ou l\u2019utilisation, la communication ou la conservation est interdite.<\/p>\n<p class=\"p3\">* En application de la loi du 11 mars 1957 (art. 41) et du code de la propri\u00e9t\u00e9 intellectuelle du 1er juillet 1992, toute reproduction partielle ou totale \u00e0 usage collectif est strictement interdite sans autorisation de la soci\u00e9t\u00e9 Camping Parc de la Dranse.<br \/>\n* Les logos, visuels et marques pr\u00e9sentes sur ce site sont la propri\u00e9t\u00e9 de leur d\u00e9tenteur respectif.<br \/>\n* Ce site peut, \u00e0 son insu, avoir \u00e9t\u00e9 reli\u00e9 \u00e0 d\u2019autres sites par le biais de liens hypertextes. <span class=\"s1\">L\u2019\u00e9diteur, ainsi que la Soci\u00e9t\u00e9 Koredge <\/span>d\u00e9clinent toute responsabilit\u00e9 pour les informations pr\u00e9sent\u00e9es sur ces autres sites.<br \/>\n* L\u2019internaute reconna\u00eet que l\u2019utilisation du pr\u00e9sent site est r\u00e9gie par le droit fran\u00e7ais.<\/p>\n<p>[\/vc_column_text][\/vc_column][\/vc_row]<\/p>\n<\/div>","protected":false},"excerpt":{"rendered":"<p>[vc_row][vc_column][vc_column_text css=\u00a0\u00bb.vc_custom_1754494965451{margin-top: 20px !important;margin-bottom: 100px !important;}\u00a0\u00bb] Mentions L\u00e9gales &nbsp; Propri\u00e9t\u00e9 et responsabilit\u00e9 \u00e9ditoriale\u00a0: &nbsp; CAMPING Parc de la Dranse TEL\u00a0: 33 (0)4 50 16 03 80 \/ 06 37 26 68 42 APE 5530Z Si\u00e8ge Social\u00a0: 821 route de la Dranse \u2013 74500 Publier Forme juridique\u00a0: EURL SIRET\u00a0: 453 619 074 000 25 TVA\u00a0: FR02 &#8230;<\/p>\n","protected":false},"author":1,"featured_media":0,"parent":0,"menu_order":0,"comment_status":"closed","ping_status":"closed","template":"","meta":{"footnotes":""},"categories":[],"tags":[],"class_list":["post-1508","page","type-page","status-publish","hentry"],"_links":{"self":[{"href":"https:\/\/www.parcdeladranse.com\/camping\/wp-json\/wp\/v2\/pages\/1508","targetHints":{"allow":["GET"]}}],"collection":[{"href":"https:\/\/www.parcdeladranse.com\/camping\/wp-json\/wp\/v2\/pages"}],"about":[{"href":"https:\/\/www.parcdeladranse.com\/camping\/wp-json\/wp\/v2\/types\/page"}],"author":[{"embeddable":true,"href":"https:\/\/www.parcdeladranse.com\/camping\/wp-json\/wp\/v2\/users\/1"}],"replies":[{"embeddable":true,"href":"https:\/\/www.parcdeladranse.com\/camping\/wp-json\/wp\/v2\/comments?post=1508"}],"version-history":[{"count":3,"href":"https:\/\/www.parcdeladranse.com\/camping\/wp-json\/wp\/v2\/pages\/1508\/revisions"}],"predecessor-version":[{"id":1511,"href":"https:\/\/www.parcdeladranse.com\/camping\/wp-json\/wp\/v2\/pages\/1508\/revisions\/1511"}],"wp:attachment":[{"href":"https:\/\/www.parcdeladranse.com\/camping\/wp-json\/wp\/v2\/media?parent=1508"}],"wp:term":[{"taxonomy":"category","embeddable":true,"href":"https:\/\/www.parcdeladranse.com\/camping\/wp-json\/wp\/v2\/categories?post=1508"},{"taxonomy":"post_tag","embeddable":true,"href":"https:\/\/www.parcdeladranse.com\/camping\/wp-json\/wp\/v2\/tags?post=1508"}],"curies":[{"name":"wp","href":"https:\/\/api.w.org\/{rel}","templated":true}]}}