{"id":1617,"date":"2026-03-26T11:10:25","date_gmt":"2026-03-26T10:10:25","guid":{"rendered":"https:\/\/www.parcdeladranse.com\/camping\/?page_id=1617"},"modified":"2026-03-26T11:46:45","modified_gmt":"2026-03-26T10:46:45","slug":"curistes","status":"publish","type":"page","link":"https:\/\/www.parcdeladranse.com\/camping\/curistes\/","title":{"rendered":"Curistes"},"content":{"rendered":"<div class=\"wpb-content-wrapper\"><p>[vc_row][vc_column]<h1 style=\"color:;\" class=\"  center\">TARIF SP\u00c9CIAL CURISTES<\/h1>[vc_empty_space height=\u00a0\u00bb20px\u00a0\u00bb]<h3 style=\"color:#A4A4A4;\" class=\"  center\">Les meilleurs prix pour les curistes<\/h3>[vc_empty_space height=\u00a0\u00bb20px\u00a0\u00bb]<div class=\"nicdark_divider  center big \"><span style=\"background-color:#F1F1F1;\" ><\/span><\/div>[vc_empty_space height=\u00a0\u00bb40px\u00a0\u00bb][\/vc_column][\/vc_row][vc_row][vc_column width=\u00a0\u00bb1\/4&Prime;][vc_single_image image=\u00a0\u00bb1624&Prime; img_size=\u00a0\u00bblarge\u00a0\u00bb css_animation=\u00a0\u00bbfadeIn\u00a0\u00bb css=\u00a0\u00bb\u00a0\u00bb][\/vc_column][vc_column width=\u00a0\u00bb3\/4&Prime;]\n\n    <div class=\"nicdark_activity nicdark_overflow nicdark_disable_marginright_iphoneland nicdark_disable_marginright_iphonepotr nicdark_border_grey nicdark_relative\">\n                 \n                        <!--link-->\n                        <div class=\"nicdark_width_fix_100 nicdark_oblique45_plus nicdark_float_right nicdark_marginright40_negative nicdark_bg_grey nicdark_border_grey\">\n                            <p class=\"center white\">\n                                <a target=\"\" title=\"\" class=\"grey nicdark_tooltip\" href=\"\"><small><i class=\"icon-cancel\"><\/i><\/small><\/a>\n                            <\/p>\n                        <\/div>\n                        <!--end link-->\n                        \n                        <img decoding=\"async\" class=\"nicdark_width_fix_50 nicdark_absolute_left nicdark_absolute\" alt=\"\" src=\"http:\/\/www.parcdeladranse.com\/camping\/wp-content\/uploads\/2017\/05\/massage-2.png\">\n                        \n                        <!--descr-->\n                        <div class=\"nicdark_activity nicdark_marginleft100\">\n                            <h4>Tarif sp\u00e9cial curistes<\/h4>                        \n                            <div class=\"nicdark_space20\"><\/div>\n                            <p class=\"nicdark_padding20_right\">Nous accueillons les curistes pour EVIAN ou THONON. Nous sommes \u00e0 mi distance (6km)<br \/>\nIl y a un arr\u00eat de bus \u00e0 200 m du camping et qui vous emm\u00e8ne sur EVIAN ou THONON.<br \/>\nLa remise est de 15 % , sur la base d'un cottage Confort 2 chambres pour 2 personnes et pour un s\u00e9jour d'au moins 20 jours.<br \/>\nCette remise ne s'applique pendant la haute saison (de la troisi\u00e8me semaine de juillet \u00e0 la 3em incluse de Aout ).<br \/>\nOn propose un tarif promotionnel et forfaitaire (2 personnes ), de 999 euros pour les 10 premiers clients. Apr\u00e8s on repasse au tarif public - 15 % (A partir de 1160 euros pour 2026 )<br \/>\nLes h\u00e9bergements sont modernes et tr\u00e8s bien \u00e9quip\u00e9s (lave vaisselle, grand frigo congel, clim r\u00e9versible, TV , grande terrasse semi couverte, ...)<\/p>\n                            <div class=\"nicdark_space20\"><\/div>\n                        <\/div>\n                        <!--end descr-->\n\n                    <\/div>\n      \n   [\/vc_column][\/vc_row][vc_row][vc_column][vc_empty_space height=\u00a0\u00bb100px\u00a0\u00bb][\/vc_column][\/vc_row]<\/p>\n<\/div>","protected":false},"excerpt":{"rendered":"<p>[vc_row][vc_column][vc_empty_space height=\u00a0\u00bb20px\u00a0\u00bb][vc_empty_space height=\u00a0\u00bb20px\u00a0\u00bb][vc_empty_space height=\u00a0\u00bb40px\u00a0\u00bb][\/vc_column][\/vc_row][vc_row][vc_column width=\u00a0\u00bb1\/4&Prime;][vc_single_image image=\u00a0\u00bb1624&Prime; img_size=\u00a0\u00bblarge\u00a0\u00bb css_animation=\u00a0\u00bbfadeIn\u00a0\u00bb css=\u00a0\u00bb\u00a0\u00bb][\/vc_column][vc_column width=\u00a0\u00bb3\/4&Prime;][\/vc_column][\/vc_row][vc_row][vc_column][vc_empty_space height=\u00a0\u00bb100px\u00a0\u00bb][\/vc_column][\/vc_row]<\/p>\n","protected":false},"author":1,"featured_media":0,"parent":0,"menu_order":0,"comment_status":"closed","ping_status":"closed","template":"","meta":{"footnotes":""},"categories":[],"tags":[],"class_list":["post-1617","page","type-page","status-publish","hentry"],"_links":{"self":[{"href":"https:\/\/www.parcdeladranse.com\/camping\/wp-json\/wp\/v2\/pages\/1617","targetHints":{"allow":["GET"]}}],"collection":[{"href":"https:\/\/www.parcdeladranse.com\/camping\/wp-json\/wp\/v2\/pages"}],"about":[{"href":"https:\/\/www.parcdeladranse.com\/camping\/wp-json\/wp\/v2\/types\/page"}],"author":[{"embeddable":true,"href":"https:\/\/www.parcdeladranse.com\/camping\/wp-json\/wp\/v2\/users\/1"}],"replies":[{"embeddable":true,"href":"https:\/\/www.parcdeladranse.com\/camping\/wp-json\/wp\/v2\/comments?post=1617"}],"version-history":[{"count":12,"href":"https:\/\/www.parcdeladranse.com\/camping\/wp-json\/wp\/v2\/pages\/1617\/revisions"}],"predecessor-version":[{"id":1639,"href":"https:\/\/www.parcdeladranse.com\/camping\/wp-json\/wp\/v2\/pages\/1617\/revisions\/1639"}],"wp:attachment":[{"href":"https:\/\/www.parcdeladranse.com\/camping\/wp-json\/wp\/v2\/media?parent=1617"}],"wp:term":[{"taxonomy":"category","embeddable":true,"href":"https:\/\/www.parcdeladranse.com\/camping\/wp-json\/wp\/v2\/categories?post=1617"},{"taxonomy":"post_tag","embeddable":true,"href":"https:\/\/www.parcdeladranse.com\/camping\/wp-json\/wp\/v2\/tags?post=1617"}],"curies":[{"name":"wp","href":"https:\/\/api.w.org\/{rel}","templated":true}]}}