{"id":1630,"date":"2026-03-26T11:38:02","date_gmt":"2026-03-26T10:38:02","guid":{"rendered":"https:\/\/www.parcdeladranse.com\/camping\/?page_id=1630"},"modified":"2026-03-26T11:45:57","modified_gmt":"2026-03-26T10:45:57","slug":"travailleurs","status":"publish","type":"page","link":"https:\/\/www.parcdeladranse.com\/camping\/travailleurs\/","title":{"rendered":"Travailleurs"},"content":{"rendered":"<div class=\"wpb-content-wrapper\"><p>[vc_row][vc_column]<h1 style=\"color:;\" class=\"  center\">TARIF SP\u00c9CIAL TRAVAILLEURS<\/h1>[vc_empty_space height=\u00a0\u00bb20px\u00a0\u00bb]<h3 style=\"color:#A4A4A4;\" class=\"  center\">Les meilleurs prix pour les travailleurs de passage dans la r\u00e9gion<\/h3>[vc_empty_space height=\u00a0\u00bb20px\u00a0\u00bb]<div class=\"nicdark_divider  center big \"><span style=\"background-color:#F1F1F1;\" ><\/span><\/div>[vc_empty_space height=\u00a0\u00bb40px\u00a0\u00bb][\/vc_column][\/vc_row][vc_row][vc_column width=\u00a0\u00bb1\/4&Prime;][vc_single_image image=\u00a0\u00bb1633&Prime; img_size=\u00a0\u00bblarge\u00a0\u00bb css=\u00a0\u00bb\u00a0\u00bb][\/vc_column][vc_column width=\u00a0\u00bb3\/4&Prime;]\n\n    <div class=\"nicdark_activity nicdark_overflow nicdark_disable_marginright_iphoneland nicdark_disable_marginright_iphonepotr nicdark_border_grey nicdark_relative\">\n                 \n                        <!--link-->\n                        <div class=\"nicdark_width_fix_100 nicdark_oblique45_plus nicdark_float_right nicdark_marginright40_negative nicdark_bg_grey nicdark_border_grey\">\n                            <p class=\"center white\">\n                                <a target=\"\" title=\"\" class=\"grey nicdark_tooltip\" href=\"\"><small><i class=\"icon-cancel\"><\/i><\/small><\/a>\n                            <\/p>\n                        <\/div>\n                        <!--end link-->\n                        \n                        <img decoding=\"async\" class=\"nicdark_width_fix_50 nicdark_absolute_left nicdark_absolute\" alt=\"\" src=\"https:\/\/www.parcdeladranse.com\/camping\/wp-content\/uploads\/2026\/03\/worker.png\">\n                        \n                        <!--descr-->\n                        <div class=\"nicdark_activity nicdark_marginleft100\">\n                            <h4>Tarif sp\u00e9cial travailleurs<\/h4>                        \n                            <div class=\"nicdark_space20\"><\/div>\n                            <p class=\"nicdark_padding20_right\">Pour les travailleurs qui ont des chantiers de plusieurs semaines, nous proposons des Cottage Confort 3, soit pour 3 personnes, 1 personne par chambre.<br \/>\nOn propose une remise de 22 %, soit la nuit \u00e0 78 euros, soit 26 euros par personne.<br \/>\nPour ceux qui rentrent chez eux le week end, si ce n'est pas lou\u00e9, vous avez la possibilit\u00e9 de laisser les affaires et les provisions dans l'h\u00e9bergement pour le week end.<br \/>\nOn propose une formule similaire, en deux chambres pour 2 personnes \u00e0 66 euros la nuit. mais ils sont rarement disponibles car on en n'a que 6. Les h\u00e9bergements sont \u00e9quip\u00e9s pour l'hiver (convecteurs dans les chambres et clim r\u00e9versible dans le salon). les cuisines sont bien \u00e9quip\u00e9es avec grand frigo congel et lave vaisselle. La TV est incluses. Seuls les draps ne sont pas fournis (location \u00e0 partir de 8 euros par lit )<\/p>\n                            <div class=\"nicdark_space20\"><\/div>\n                        <\/div>\n                        <!--end descr-->\n\n                    <\/div>\n      \n   [\/vc_column][\/vc_row][vc_row][vc_column][vc_empty_space height=\u00a0\u00bb100px\u00a0\u00bb][\/vc_column][\/vc_row]<\/p>\n<\/div>","protected":false},"excerpt":{"rendered":"<p>[vc_row][vc_column][vc_empty_space height=\u00a0\u00bb20px\u00a0\u00bb][vc_empty_space height=\u00a0\u00bb20px\u00a0\u00bb][vc_empty_space height=\u00a0\u00bb40px\u00a0\u00bb][\/vc_column][\/vc_row][vc_row][vc_column width=\u00a0\u00bb1\/4&Prime;][vc_single_image image=\u00a0\u00bb1633&Prime; img_size=\u00a0\u00bblarge\u00a0\u00bb css=\u00a0\u00bb\u00a0\u00bb][\/vc_column][vc_column width=\u00a0\u00bb3\/4&Prime;][\/vc_column][\/vc_row][vc_row][vc_column][vc_empty_space height=\u00a0\u00bb100px\u00a0\u00bb][\/vc_column][\/vc_row]<\/p>\n","protected":false},"author":1,"featured_media":0,"parent":0,"menu_order":0,"comment_status":"closed","ping_status":"closed","template":"","meta":{"footnotes":""},"categories":[],"tags":[],"class_list":["post-1630","page","type-page","status-publish","hentry"],"_links":{"self":[{"href":"https:\/\/www.parcdeladranse.com\/camping\/wp-json\/wp\/v2\/pages\/1630","targetHints":{"allow":["GET"]}}],"collection":[{"href":"https:\/\/www.parcdeladranse.com\/camping\/wp-json\/wp\/v2\/pages"}],"about":[{"href":"https:\/\/www.parcdeladranse.com\/camping\/wp-json\/wp\/v2\/types\/page"}],"author":[{"embeddable":true,"href":"https:\/\/www.parcdeladranse.com\/camping\/wp-json\/wp\/v2\/users\/1"}],"replies":[{"embeddable":true,"href":"https:\/\/www.parcdeladranse.com\/camping\/wp-json\/wp\/v2\/comments?post=1630"}],"version-history":[{"count":6,"href":"https:\/\/www.parcdeladranse.com\/camping\/wp-json\/wp\/v2\/pages\/1630\/revisions"}],"predecessor-version":[{"id":1638,"href":"https:\/\/www.parcdeladranse.com\/camping\/wp-json\/wp\/v2\/pages\/1630\/revisions\/1638"}],"wp:attachment":[{"href":"https:\/\/www.parcdeladranse.com\/camping\/wp-json\/wp\/v2\/media?parent=1630"}],"wp:term":[{"taxonomy":"category","embeddable":true,"href":"https:\/\/www.parcdeladranse.com\/camping\/wp-json\/wp\/v2\/categories?post=1630"},{"taxonomy":"post_tag","embeddable":true,"href":"https:\/\/www.parcdeladranse.com\/camping\/wp-json\/wp\/v2\/tags?post=1630"}],"curies":[{"name":"wp","href":"https:\/\/api.w.org\/{rel}","templated":true}]}}