{"id":518,"date":"2016-02-29T16:31:49","date_gmt":"2016-02-29T16:31:49","guid":{"rendered":"http:\/\/www.nicdarkthemes.com\/themes\/camping-village\/wp\/demo\/?page_id=518"},"modified":"2021-09-22T09:19:07","modified_gmt":"2021-09-22T07:19:07","slug":"services","status":"publish","type":"page","link":"https:\/\/www.parcdeladranse.com\/camping\/services\/","title":{"rendered":"Services"},"content":{"rendered":"<div class=\"wpb-content-wrapper\"><p>[vc_row css=\u00a0\u00bb.vc_custom_1455715052774{margin-top: 60px !important;}\u00a0\u00bb][vc_column css=\u00a0\u00bb.vc_custom_1456213267191{padding-top: 0px !important;}\u00a0\u00bb]<h1 style=\"color:;\" class=\"  center\">SERVICES<\/h1>[vc_empty_space height=\u00a0\u00bb20px\u00a0\u00bb]<h3 style=\"color:#a4a4a4;\" class=\"  center\">Les meilleurs services pour vos vacances<\/h3>[vc_empty_space height=\u00a0\u00bb20px\u00a0\u00bb]<div class=\"nicdark_divider  center big \"><span style=\"background-color:#f1f1f1;\" ><\/span><\/div>[vc_empty_space height=\u00a0\u00bb40px\u00a0\u00bb][\/vc_column][\/vc_row][vc_row][vc_column width=\u00a0\u00bb1\/3&Prime; css=\u00a0\u00bb.vc_custom_1456762997384{padding-top: 10px !important;padding-bottom: 10px !important;}\u00a0\u00bb][vc_wp_text title=\u00a0\u00bbLES INFORMATIONS IMPORTANTES\u00a0\u00bb el_class=\u00a0\u00bbnicdark_sidebar_fixed nicdark_focus\u00a0\u00bb]<\/p>\n<ul class=\"nicdark_list border\">\n<li style=\"list-style-type: none;\">\n<ul class=\"nicdark_list border\">\n<li class=\"nicdark_border_grey\">\n<h5 class=\"grey subtitle\">Entr\u00e9e Camping \/ Check in :\u00a0<a class=\"nicdark_btn nicdark_bg_yellow extrasmall white right\" href=\"#\">16:00 &#8211; 19:00<\/a><\/h5>\n<div class=\"nicdark_space15\"><\/div>\n<\/li>\n<li class=\"nicdark_border_grey\">\n<div class=\"nicdark_space15\"><\/div>\n<h5 class=\"grey subtitle\">D\u00e9part Camping \/ Check out :\u00a0<a class=\"nicdark_btn nicdark_bg_orange extrasmall white right\" href=\"http:\/\/10\">08:00 &#8211; 10:00<\/a><\/h5>\n<div class=\"nicdark_space15\"><\/div>\n<\/li>\n<li class=\"nicdark_border_grey\">\n<div class=\"nicdark_space15\"><\/div>\n<h5 class=\"grey subtitle\">Caution Mobile-Home :\u00a0<a class=\"nicdark_btn nicdark_bg_blue extrasmall white right\" href=\"http:\/\/10\">400 \u20ac<\/a><\/h5>\n<div class=\"nicdark_space15\"><\/div>\n<\/li>\n<li class=\"nicdark_border_grey\">\n<div class=\"nicdark_space15\"><\/div>\n<h5 class=\"grey subtitle\">Caution M\u00e9nage :\u00a0<a class=\"nicdark_btn nicdark_bg_red extrasmall white right\" href=\"http:\/\/10\">50 \u20ac<\/a><\/h5>\n<div class=\"nicdark_space15\"><\/div>\n<\/li>\n<\/ul>\n<p>[\/vc_wp_text][\/vc_column][vc_column width=\u00a0\u00bb1\/2&Prime; el_class=\u00a0\u00bbnicdark_sidebar_fixed_container\u00a0\u00bb css=\u00a0\u00bb.vc_custom_1491913294303{padding-top: 10px !important;padding-bottom: 10px !important;}\u00a0\u00bb][vc_row_inner][vc_column_inner]\n\n    <div class=\"nicdark_activity nicdark_overflow nicdark_disable_marginright_iphoneland nicdark_disable_marginright_iphonepotr nicdark_border_grey nicdark_relative\">\n                 \n                        <!--link-->\n                        <div class=\"nicdark_width_fix_100 nicdark_oblique45_plus nicdark_float_right nicdark_marginright40_negative nicdark_bg_grey nicdark_border_grey\">\n                            <p class=\"center white\">\n                                <a target=\"\" title=\"\" class=\"grey nicdark_tooltip\" href=\"\"><small><i class=\"icon-cancel\"><\/i><\/small><\/a>\n                            <\/p>\n                        <\/div>\n                        <!--end link-->\n                        \n                        <img decoding=\"async\" class=\"nicdark_width_fix_50 nicdark_absolute_left nicdark_absolute\" alt=\"\" src=\"http:\/\/www.parcdeladranse.com\/camping\/wp-content\/uploads\/2017\/05\/restaurant-1.png\">\n                        \n                        <!--descr-->\n                        <div class=\"nicdark_activity nicdark_marginleft100\">\n                            <h4>Snack<\/h4>                        \n                            <div class=\"nicdark_space20\"><\/div>\n                            <p class=\"nicdark_padding20_right\">Bar-snack, jouxtant et ind\u00e9pendant du Camping Parc de la Dranse (ouverture saisonni\u00e8re)<br \/>\nD\u00e9p\u00f4t de pain \u00e0 l'accueil du camping (Uniquement en Haute Saison) <\/p>\n                            <div class=\"nicdark_space20\"><\/div>\n                        <\/div>\n                        <!--end descr-->\n\n                    <\/div>\n      \n   [\/vc_column_inner][\/vc_row_inner][vc_row_inner css=\u00a0\u00bb.vc_custom_1456762301036{margin-top: 20px !important;}\u00a0\u00bb][vc_column_inner]\n\n    <div class=\"nicdark_activity nicdark_overflow nicdark_disable_marginright_iphoneland nicdark_disable_marginright_iphonepotr nicdark_border_grey nicdark_relative\">\n                 \n                        <!--link-->\n                        <div class=\"nicdark_width_fix_100 nicdark_oblique45_plus nicdark_float_right nicdark_marginright40_negative nicdark_bg_grey nicdark_border_grey\">\n                            <p class=\"center white\">\n                                <a target=\"\" title=\"\" class=\"grey nicdark_tooltip\" href=\"\"><small><i class=\"icon-cancel\"><\/i><\/small><\/a>\n                            <\/p>\n                        <\/div>\n                        <!--end link-->\n                        \n                        <img decoding=\"async\" class=\"nicdark_width_fix_50 nicdark_absolute_left nicdark_absolute\" alt=\"\" src=\"http:\/\/parcdeladranse.com\/camping\/wp-content\/uploads\/2016\/02\/service4.png\">\n                        \n                        <!--descr-->\n                        <div class=\"nicdark_activity nicdark_marginleft100\">\n                            <h4>Parc Enfant<\/h4>                        \n                            <div class=\"nicdark_space20\"><\/div>\n                            <p class=\"nicdark_padding20_right\">Vos enfants profiteront d'une aire de jeux avec un parcours, une tour, 2 toboggans et 2 jeux \u00e0 ressorts pour s'amuser.<br \/>\nIls pourront \u00e9galement profiter d'un trampoline en pleine air, un terrain de volley et de homeball. <\/p>\n                            <div class=\"nicdark_space20\"><\/div>\n                        <\/div>\n                        <!--end descr-->\n\n                    <\/div>\n      \n   [\/vc_column_inner][\/vc_row_inner][vc_row_inner css=\u00a0\u00bb.vc_custom_1456762315516{margin-top: 20px !important;}\u00a0\u00bb][vc_column_inner]\n\n    <div class=\"nicdark_activity nicdark_overflow nicdark_disable_marginright_iphoneland nicdark_disable_marginright_iphonepotr nicdark_border_grey nicdark_relative\">\n                 \n                        <!--link-->\n                        <div class=\"nicdark_width_fix_100 nicdark_oblique45_plus nicdark_float_right nicdark_marginright40_negative nicdark_bg_grey nicdark_border_grey\">\n                            <p class=\"center white\">\n                                <a target=\"_blank\" title=\"Voir Tarif\" class=\"grey nicdark_tooltip\" href=\"http:\/\/www.parcdeladranse.com\/camping\/wp-content\/uploads\/2017\/05\/Texte-Activite-SHIATSU.pdf\"><small><i class=\"icon-cancel\"><\/i><\/small><\/a>\n                            <\/p>\n                        <\/div>\n                        <!--end link-->\n                        \n                        <img decoding=\"async\" class=\"nicdark_width_fix_50 nicdark_absolute_left nicdark_absolute\" alt=\"\" src=\"http:\/\/www.parcdeladranse.com\/camping\/wp-content\/uploads\/2017\/05\/massage-2.png\">\n                        \n                        <!--descr-->\n                        <div class=\"nicdark_activity nicdark_marginleft100\">\n                            <h4>Massage SHIATSU<\/h4>                        \n                            <div class=\"nicdark_space20\"><\/div>\n                            <p class=\"nicdark_padding20_right\">Le camping dispose d'un espace massage. Sur r\u00e9servation vous pourrez profiter des services d'une personne ext\u00e9rieure dipl\u00f4m\u00e9e en SHIATSU. Tarif 65 \u20ac une heure.<br \/>\nLe SHIATSU est un art ancestral Japonais, qui consiste \u00e0 pratiquer des pressions le long des m\u00e9ridiens d'acupuncture. <\/p>\n                            <div class=\"nicdark_space20\"><\/div>\n                        <\/div>\n                        <!--end descr-->\n\n                    <\/div>\n      \n   [\/vc_column_inner][\/vc_row_inner][vc_row_inner css=\u00a0\u00bb.vc_custom_1456762306043{margin-top: 20px !important;}\u00a0\u00bb][vc_column_inner]\n\n    <div class=\"nicdark_activity nicdark_overflow nicdark_disable_marginright_iphoneland nicdark_disable_marginright_iphonepotr nicdark_border_grey nicdark_relative\">\n                 \n                        <!--link-->\n                        <div class=\"nicdark_width_fix_100 nicdark_oblique45_plus nicdark_float_right nicdark_marginright40_negative nicdark_bg_grey nicdark_border_grey\">\n                            <p class=\"center white\">\n                                <a target=\"\" title=\"\" class=\"grey nicdark_tooltip\" href=\"\"><small><i class=\"icon-cancel\"><\/i><\/small><\/a>\n                            <\/p>\n                        <\/div>\n                        <!--end link-->\n                        \n                        <img decoding=\"async\" class=\"nicdark_width_fix_50 nicdark_absolute_left nicdark_absolute\" alt=\"\" src=\"http:\/\/parcdeladranse.com\/camping\/wp-content\/uploads\/2016\/02\/service6.png\">\n                        \n                        <!--descr-->\n                        <div class=\"nicdark_activity nicdark_marginleft100\">\n                            <h4>Aire de Camping Car<\/h4>                        \n                            <div class=\"nicdark_space20\"><\/div>\n                            <p class=\"nicdark_padding20_right\">Aire camping 10 \u20ac (\u00e9lectricit\u00e9 non inclus)<br \/>\nTarif valable pour 1 v\u00e9hicule + 2 personnes<br \/>\nBorne \u00e9lectricit\u00e9 2\u20ac \/ jeton \/ 4H<\/p>\n                            <div class=\"nicdark_space20\"><\/div>\n                        <\/div>\n                        <!--end descr-->\n\n                    <\/div>\n      \n   [\/vc_column_inner][\/vc_row_inner][vc_row_inner css=\u00a0\u00bb.vc_custom_1456762306043{margin-top: 20px !important;}\u00a0\u00bb][vc_column_inner]\n\n    <div class=\"nicdark_activity nicdark_overflow nicdark_disable_marginright_iphoneland nicdark_disable_marginright_iphonepotr nicdark_border_grey nicdark_relative\">\n                 \n                        <!--link-->\n                        <div class=\"nicdark_width_fix_100 nicdark_oblique45_plus nicdark_float_right nicdark_marginright40_negative nicdark_bg_grey nicdark_border_grey\">\n                            <p class=\"center white\">\n                                <a target=\"\" title=\"\" class=\"grey nicdark_tooltip\" href=\"\"><small><i class=\"icon-cancel\"><\/i><\/small><\/a>\n                            <\/p>\n                        <\/div>\n                        <!--end link-->\n                        \n                        <img decoding=\"async\" class=\"nicdark_width_fix_50 nicdark_absolute_left nicdark_absolute\" alt=\"\" src=\"http:\/\/www.parcdeladranse.com\/camping\/wp-content\/uploads\/2016\/02\/service3.png\">\n                        \n                        <!--descr-->\n                        <div class=\"nicdark_activity nicdark_marginleft100\">\n                            <h4>M\u00e9nage<\/h4>                        \n                            <div class=\"nicdark_space20\"><\/div>\n                            <p class=\"nicdark_padding20_right\">Une caution de 50 euros est retenue \u00e0 l'arriv\u00e9e. Les h\u00e9bergements doivent \u00eatre rendus propres.<\/p>\n                            <div class=\"nicdark_space20\"><\/div>\n                        <\/div>\n                        <!--end descr-->\n\n                    <\/div>\n      \n   [\/vc_column_inner][\/vc_row_inner][vc_row_inner css=\u00a0\u00bb.vc_custom_1456762310363{margin-top: 20px !important;}\u00a0\u00bb][vc_column_inner]\n\n    <div class=\"nicdark_activity nicdark_overflow nicdark_disable_marginright_iphoneland nicdark_disable_marginright_iphonepotr nicdark_border_grey nicdark_relative\">\n                 \n                        <!--link-->\n                        <div class=\"nicdark_width_fix_100 nicdark_oblique45_plus nicdark_float_right nicdark_marginright40_negative nicdark_bg_grey nicdark_border_grey\">\n                            <p class=\"center white\">\n                                <a target=\"\" title=\"\" class=\"grey nicdark_tooltip\" href=\"\"><small><i class=\"icon-cancel\"><\/i><\/small><\/a>\n                            <\/p>\n                        <\/div>\n                        <!--end link-->\n                        \n                        <img decoding=\"async\" class=\"nicdark_width_fix_50 nicdark_absolute_left nicdark_absolute\" alt=\"\" src=\"http:\/\/parcdeladranse.com\/camping\/wp-content\/uploads\/2016\/02\/service8-1.png\">\n                        \n                        <!--descr-->\n                        <div class=\"nicdark_activity nicdark_marginleft100\">\n                            <h4>Barbecue<\/h4>                        \n                            <div class=\"nicdark_space20\"><\/div>\n                            <p class=\"nicdark_padding20_right\">Possibilit\u00e9 de location de barbecue sur pied, (Interdiction \u00e0 m\u00eame le sol). Barbecue interdit en cas de p\u00e9riode de s\u00e9cheresse et pollution \u00e9lev\u00e9e.<\/p>\n                            <div class=\"nicdark_space20\"><\/div>\n                        <\/div>\n                        <!--end descr-->\n\n                    <\/div>\n      \n   [\/vc_column_inner][\/vc_row_inner][vc_row_inner css=\u00a0\u00bb.vc_custom_1456762315516{margin-top: 20px !important;}\u00a0\u00bb][vc_column_inner]\n\n    <div class=\"nicdark_activity nicdark_overflow nicdark_disable_marginright_iphoneland nicdark_disable_marginright_iphonepotr nicdark_border_grey nicdark_relative\">\n                 \n                        <!--link-->\n                        <div class=\"nicdark_width_fix_100 nicdark_oblique45_plus nicdark_float_right nicdark_marginright40_negative nicdark_bg_grey nicdark_border_grey\">\n                            <p class=\"center white\">\n                                <a target=\"\" title=\"\" class=\"grey nicdark_tooltip\" href=\"\"><small><i class=\"icon-cancel\"><\/i><\/small><\/a>\n                            <\/p>\n                        <\/div>\n                        <!--end link-->\n                        \n                        <img decoding=\"async\" class=\"nicdark_width_fix_50 nicdark_absolute_left nicdark_absolute\" alt=\"\" src=\"http:\/\/parcdeladranse.com\/camping\/wp-content\/uploads\/2016\/02\/service9-1.png\">\n                        \n                        <!--descr-->\n                        <div class=\"nicdark_activity nicdark_marginleft100\">\n                            <h4>Laverie<\/h4>                        \n                            <div class=\"nicdark_space20\"><\/div>\n                            <p class=\"nicdark_padding20_right\">Un lave linge et un s\u00e8che linge professionnel avec monnayeur disponible sur le camping. <\/p>\n                            <div class=\"nicdark_space20\"><\/div>\n                        <\/div>\n                        <!--end descr-->\n\n                    <\/div>\n      \n   [\/vc_column_inner][\/vc_row_inner][vc_row_inner css=\u00a0\u00bb.vc_custom_1456762315516{margin-top: 20px !important;}\u00a0\u00bb][vc_column_inner]\n\n    <div class=\"nicdark_activity nicdark_overflow nicdark_disable_marginright_iphoneland nicdark_disable_marginright_iphonepotr nicdark_border_grey nicdark_relative\">\n                 \n                        <!--link-->\n                        <div class=\"nicdark_width_fix_100 nicdark_oblique45_plus nicdark_float_right nicdark_marginright40_negative nicdark_bg_grey nicdark_border_grey\">\n                            <p class=\"center white\">\n                                <a target=\"_blank\" title=\"Voir Tarif\" class=\"grey nicdark_tooltip\" href=\"\"><small><i class=\"icon-cancel\"><\/i><\/small><\/a>\n                            <\/p>\n                        <\/div>\n                        <!--end link-->\n                        \n                        <img decoding=\"async\" class=\"nicdark_width_fix_50 nicdark_absolute_left nicdark_absolute\" alt=\"\" src=\"http:\/\/parcdeladranse.com\/camping\/wp-content\/uploads\/2016\/02\/service10-1.png\">\n                        \n                        <!--descr-->\n                        <div class=\"nicdark_activity nicdark_marginleft100\">\n                            <h4>Wifi<\/h4>                        \n                            <div class=\"nicdark_space20\"><\/div>\n                            <p class=\"nicdark_padding20_right\">WIFI en OPTION disponible sur tout le camping<br \/>\n<\/p>\n                            <div class=\"nicdark_space20\"><\/div>\n                        <\/div>\n                        <!--end descr-->\n\n                    <\/div>\n      \n   [\/vc_column_inner][\/vc_row_inner][vc_row_inner css=\u00a0\u00bb.vc_custom_1456762554269{margin-top: 20px !important;margin-bottom: 20px !important;}\u00a0\u00bb][vc_column_inner]\n\n    <div class=\"nicdark_activity nicdark_overflow nicdark_disable_marginright_iphoneland nicdark_disable_marginright_iphonepotr nicdark_border_grey nicdark_relative\">\n                 \n                        <!--link-->\n                        <div class=\"nicdark_width_fix_100 nicdark_oblique45_plus nicdark_float_right nicdark_marginright40_negative nicdark_bg_grey nicdark_border_grey\">\n                            <p class=\"center white\">\n                                <a target=\"\" title=\"\" class=\"grey nicdark_tooltip\" href=\"\"><small><i class=\"icon-cancel\"><\/i><\/small><\/a>\n                            <\/p>\n                        <\/div>\n                        <!--end link-->\n                        \n                        <img decoding=\"async\" class=\"nicdark_width_fix_50 nicdark_absolute_left nicdark_absolute\" alt=\"\" src=\"http:\/\/parcdeladranse.com\/camping\/wp-content\/uploads\/2016\/02\/service13.png\">\n                        \n                        <!--descr-->\n                        <div class=\"nicdark_activity nicdark_marginleft100\">\n                            <h4>Espace Sanitaire<\/h4>                        \n                            <div class=\"nicdark_space20\"><\/div>\n                            <p class=\"nicdark_padding20_right\">Un espace avec douches, lavabos en cabine, bac \u00e0 linges et bac \u00e0 vaisselles.<\/p>\n                            <div class=\"nicdark_space20\"><\/div>\n                        <\/div>\n                        <!--end descr-->\n\n                    <\/div>\n      \n   [vc_empty_space][\/vc_column_inner][\/vc_row_inner][\/vc_column][\/vc_row][vc_row][vc_column][vc_column_text]<\/li>\n<\/ul>\n<p>[\/vc_column_text][\/vc_column][\/vc_row]<\/p>\n<\/div>","protected":false},"excerpt":{"rendered":"<p>[vc_row css=\u00a0\u00bb.vc_custom_1455715052774{margin-top: 60px !important;}\u00a0\u00bb][vc_column css=\u00a0\u00bb.vc_custom_1456213267191{padding-top: 0px !important;}\u00a0\u00bb][vc_empty_space height=\u00a0\u00bb20px\u00a0\u00bb][vc_empty_space height=\u00a0\u00bb20px\u00a0\u00bb][vc_empty_space height=\u00a0\u00bb40px\u00a0\u00bb][\/vc_column][\/vc_row][vc_row][vc_column width=\u00a0\u00bb1\/3&Prime; css=\u00a0\u00bb.vc_custom_1456762997384{padding-top: 10px !important;padding-bottom: 10px !important;}\u00a0\u00bb][vc_wp_text title=\u00a0\u00bbLES INFORMATIONS IMPORTANTES\u00a0\u00bb el_class=\u00a0\u00bbnicdark_sidebar_fixed nicdark_focus\u00a0\u00bb] Entr\u00e9e Camping \/ Check in :\u00a016:00 &#8211; 19:00 D\u00e9part Camping \/ Check out :\u00a008:00 &#8211; 10:00 Caution Mobile-Home :\u00a0400 \u20ac Caution M\u00e9nage :\u00a050 \u20ac [\/vc_wp_text][\/vc_column][vc_column width=\u00a0\u00bb1\/2&Prime; el_class=\u00a0\u00bbnicdark_sidebar_fixed_container\u00a0\u00bb css=\u00a0\u00bb.vc_custom_1491913294303{padding-top: 10px !important;padding-bottom: 10px !important;}\u00a0\u00bb][vc_row_inner][vc_column_inner][\/vc_column_inner][\/vc_row_inner][vc_row_inner css=\u00a0\u00bb.vc_custom_1456762301036{margin-top: 20px &#8230;<\/p>\n","protected":false},"author":1,"featured_media":0,"parent":0,"menu_order":0,"comment_status":"closed","ping_status":"closed","template":"","meta":{"footnotes":""},"categories":[],"tags":[],"class_list":["post-518","page","type-page","status-publish","hentry"],"_links":{"self":[{"href":"https:\/\/www.parcdeladranse.com\/camping\/wp-json\/wp\/v2\/pages\/518","targetHints":{"allow":["GET"]}}],"collection":[{"href":"https:\/\/www.parcdeladranse.com\/camping\/wp-json\/wp\/v2\/pages"}],"about":[{"href":"https:\/\/www.parcdeladranse.com\/camping\/wp-json\/wp\/v2\/types\/page"}],"author":[{"embeddable":true,"href":"https:\/\/www.parcdeladranse.com\/camping\/wp-json\/wp\/v2\/users\/1"}],"replies":[{"embeddable":true,"href":"https:\/\/www.parcdeladranse.com\/camping\/wp-json\/wp\/v2\/comments?post=518"}],"version-history":[{"count":50,"href":"https:\/\/www.parcdeladranse.com\/camping\/wp-json\/wp\/v2\/pages\/518\/revisions"}],"predecessor-version":[{"id":1432,"href":"https:\/\/www.parcdeladranse.com\/camping\/wp-json\/wp\/v2\/pages\/518\/revisions\/1432"}],"wp:attachment":[{"href":"https:\/\/www.parcdeladranse.com\/camping\/wp-json\/wp\/v2\/media?parent=518"}],"wp:term":[{"taxonomy":"category","embeddable":true,"href":"https:\/\/www.parcdeladranse.com\/camping\/wp-json\/wp\/v2\/categories?post=518"},{"taxonomy":"post_tag","embeddable":true,"href":"https:\/\/www.parcdeladranse.com\/camping\/wp-json\/wp\/v2\/tags?post=518"}],"curies":[{"name":"wp","href":"https:\/\/api.w.org\/{rel}","templated":true}]}}