{"id":732,"date":"2017-04-11T14:40:27","date_gmt":"2017-04-11T12:40:27","guid":{"rendered":"http:\/\/parcdeladranse.com\/camping\/?page_id=732"},"modified":"2021-02-11T19:06:42","modified_gmt":"2021-02-11T18:06:42","slug":"activites","status":"publish","type":"page","link":"https:\/\/www.parcdeladranse.com\/camping\/activites\/","title":{"rendered":"Activit\u00e9s"},"content":{"rendered":"<div class=\"wpb-content-wrapper\"><p>[vc_row css=\u00a0\u00bb.vc_custom_1455715052774{margin-top: 60px !important;}\u00a0\u00bb][vc_column css=\u00a0\u00bb.vc_custom_1456213267191{padding-top: 0px !important;}\u00a0\u00bb]<h1 style=\"color:;\" class=\"  center\">NOS ACTIVITES<\/h1>[vc_empty_space height=\u00a0\u00bb20px\u00a0\u00bb]<h3 style=\"color:#a4a4a4;\" class=\"  center\">De nombreuses activit\u00e9s \u00e0 d\u00e9couvrir \u00e0 l'int\u00e9rieur du Camping et ses alentours.<\/h3>[vc_empty_space height=\u00a0\u00bb20px\u00a0\u00bb]<div class=\"nicdark_divider  center big \"><span style=\"background-color:#f1f1f1;\" ><\/span><\/div>[vc_empty_space height=\u00a0\u00bb20px\u00a0\u00bb]<h1 style=\"color:#636061;\" class=\"  left\">Sur place <\/h1>[vc_empty_space height=\u00a0\u00bb40px\u00a0\u00bb][\/vc_column][\/vc_row][vc_row][vc_column width=\u00a0\u00bb1\/3&Prime; css=\u00a0\u00bb.vc_custom_1456762997384{padding-top: 10px !important;padding-bottom: 10px !important;}\u00a0\u00bb][vc_single_image image=\u00a0\u00bb1395&Prime; img_size=\u00a0\u00bb300&#215;300&Prime; alignment=\u00a0\u00bbcenter\u00a0\u00bb style=\u00a0\u00bbvc_box_circle\u00a0\u00bb][vc_empty_space height=\u00a0\u00bb25px\u00a0\u00bb][vc_column_text]<\/p>\n<p style=\"text-align: center;\"><strong>1 trampoline pro de 4m30<\/strong><\/p>\n<p>[\/vc_column_text][\/vc_column][vc_column width=\u00a0\u00bb1\/3&Prime;][vc_single_image image=\u00a0\u00bb928&Prime; img_size=\u00a0\u00bb\u00a0\u00bb alignment=\u00a0\u00bbcenter\u00a0\u00bb style=\u00a0\u00bbvc_box_circle\u00a0\u00bb][vc_empty_space height=\u00a0\u00bb25px\u00a0\u00bb][vc_column_text]<\/p>\n<p style=\"text-align: center;\"><strong>Ping Pong<\/strong><\/p>\n<p>[\/vc_column_text][\/vc_column][vc_column width=\u00a0\u00bb1\/3&Prime;][vc_single_image image=\u00a0\u00bb1393&Prime; img_size=\u00a0\u00bb300&#215;300&Prime; alignment=\u00a0\u00bbcenter\u00a0\u00bb style=\u00a0\u00bbvc_box_circle\u00a0\u00bb][vc_empty_space height=\u00a0\u00bb25px\u00a0\u00bb][vc_column_text]<\/p>\n<p style=\"text-align: center;\"><strong>1 Jeu de HOME BALL (<a href=\"http:\/\/www.home-ball.com\" target=\"_blank\" rel=\"noopener noreferrer\">en voir plus<\/a>)<\/strong><\/p>\n<p>[\/vc_column_text][\/vc_column][\/vc_row][vc_row][vc_column][vc_empty_space height=\u00a0\u00bb50px\u00a0\u00bb][\/vc_column][\/vc_row][vc_row][vc_column width=\u00a0\u00bb1\/3&Prime; css=\u00a0\u00bb.vc_custom_1456762997384{padding-top: 10px !important;padding-bottom: 10px !important;}\u00a0\u00bb][vc_single_image image=\u00a0\u00bb1081&Prime; img_size=\u00a0\u00bb300&#215;300&Prime; alignment=\u00a0\u00bbcenter\u00a0\u00bb style=\u00a0\u00bbvc_box_circle\u00a0\u00bb][vc_empty_space height=\u00a0\u00bb25px\u00a0\u00bb][vc_column_text]<\/p>\n<p style=\"text-align: center;\"><strong>Jeux d&rsquo;enfants<\/strong><\/p>\n<p>[\/vc_column_text][\/vc_column][vc_column width=\u00a0\u00bb1\/3&Prime;][vc_single_image image=\u00a0\u00bb1396&Prime; img_size=\u00a0\u00bb300&#215;300&Prime; alignment=\u00a0\u00bbcenter\u00a0\u00bb style=\u00a0\u00bbvc_box_circle\u00a0\u00bb][vc_empty_space height=\u00a0\u00bb25px\u00a0\u00bb][vc_column_text]<\/p>\n<p style=\"text-align: center;\"><strong>Volley<\/strong><\/p>\n<p>[\/vc_column_text][\/vc_column][vc_column width=\u00a0\u00bb1\/3&Prime;][vc_single_image image=\u00a0\u00bb1066&Prime; img_size=\u00a0\u00bb300&#215;300&Prime; alignment=\u00a0\u00bbcenter\u00a0\u00bb style=\u00a0\u00bbvc_box_circle\u00a0\u00bb][vc_empty_space height=\u00a0\u00bb25px\u00a0\u00bb][vc_column_text]<\/p>\n<p style=\"text-align: center;\"><b>P\u00e9tanque<\/b><\/p>\n<p>[\/vc_column_text][\/vc_column][\/vc_row][vc_row][vc_column][vc_empty_space height=\u00a0\u00bb50px\u00a0\u00bb][\/vc_column][\/vc_row][vc_row][vc_column][vc_empty_space height=\u00a0\u00bb40px\u00a0\u00bb]<h1 style=\"color:#636061;\" class=\"  left\">Ses alentours<\/h1>[vc_empty_space height=\u00a0\u00bb40px\u00a0\u00bb][\/vc_column][\/vc_row][vc_row][vc_column width=\u00a0\u00bb1\/3&Prime; css=\u00a0\u00bb.vc_custom_1456762997384{padding-top: 10px !important;padding-bottom: 10px !important;}\u00a0\u00bb][vc_single_image image=\u00a0\u00bb922&Prime; img_size=\u00a0\u00bb\u00a0\u00bb alignment=\u00a0\u00bbcenter\u00a0\u00bb style=\u00a0\u00bbvc_box_circle\u00a0\u00bb][vc_empty_space height=\u00a0\u00bb25px\u00a0\u00bb][vc_column_text]<\/p>\n<p style=\"text-align: center;\"><strong>Ski de fond<\/strong><\/p>\n<p>[\/vc_column_text][\/vc_column][vc_column width=\u00a0\u00bb1\/3&Prime;][vc_single_image image=\u00a0\u00bb924&Prime; img_size=\u00a0\u00bb\u00a0\u00bb alignment=\u00a0\u00bbcenter\u00a0\u00bb style=\u00a0\u00bbvc_box_circle\u00a0\u00bb][vc_empty_space height=\u00a0\u00bb25px\u00a0\u00bb][vc_column_text]<\/p>\n<p style=\"text-align: center;\"><strong>Randonn\u00e9e\/VTT<\/strong><\/p>\n<p>[\/vc_column_text][\/vc_column][vc_column width=\u00a0\u00bb1\/3&Prime;][vc_single_image image=\u00a0\u00bb923&Prime; img_size=\u00a0\u00bb\u00a0\u00bb alignment=\u00a0\u00bbcenter\u00a0\u00bb style=\u00a0\u00bbvc_box_circle\u00a0\u00bb][vc_empty_space height=\u00a0\u00bb25px\u00a0\u00bb][vc_column_text]<\/p>\n<p style=\"text-align: center;\"><strong>Station de ski \u00e0 proximit\u00e9<\/strong><\/p>\n<p>[\/vc_column_text][\/vc_column][\/vc_row][vc_row][vc_column width=\u00a0\u00bb1\/3&Prime; css=\u00a0\u00bb.vc_custom_1456762997384{padding-top: 10px !important;padding-bottom: 10px !important;}\u00a0\u00bb][vc_single_image image=\u00a0\u00bb920&Prime; img_size=\u00a0\u00bb\u00a0\u00bb alignment=\u00a0\u00bbcenter\u00a0\u00bb style=\u00a0\u00bbvc_box_circle\u00a0\u00bb][vc_empty_space height=\u00a0\u00bb25px\u00a0\u00bb][vc_column_text]<\/p>\n<p style=\"text-align: center;\"><strong>Canyoning<\/strong><\/p>\n<p>[\/vc_column_text][\/vc_column][vc_column width=\u00a0\u00bb1\/3&Prime;][vc_single_image image=\u00a0\u00bb1310&Prime; img_size=\u00a0\u00bb\u00a0\u00bb alignment=\u00a0\u00bbcenter\u00a0\u00bb style=\u00a0\u00bbvc_box_circle\u00a0\u00bb][vc_empty_space height=\u00a0\u00bb25px\u00a0\u00bb][vc_column_text]<\/p>\n<p style=\"text-align: center;\"><strong>Centre Aquatique \u00e0 800 m<\/strong><\/p>\n<p>[\/vc_column_text][\/vc_column][vc_column width=\u00a0\u00bb1\/3&Prime;][vc_single_image image=\u00a0\u00bb1311&Prime; img_size=\u00a0\u00bb\u00a0\u00bb alignment=\u00a0\u00bbcenter\u00a0\u00bb style=\u00a0\u00bbvc_box_circle\u00a0\u00bb][vc_empty_space height=\u00a0\u00bb25px\u00a0\u00bb][vc_column_text]<\/p>\n<p style=\"text-align: center;\"><strong>Lac\u00a0<\/strong><b>L\u00e9man \u00e0 250 m<\/b><\/p>\n<p>[\/vc_column_text][\/vc_column][\/vc_row][vc_row][vc_column][vc_empty_space height=\u00a0\u00bb50px\u00a0\u00bb][\/vc_column][\/vc_row][vc_row][vc_column width=\u00a0\u00bb1\/2&Prime;][vc_column_text]<\/p>\n<h3>LES VISITES A L\u2019ABRI<\/h3>\n<p>&nbsp;<\/p>\n<p>&#8211; Le temple du Fromage \u2013 Lugrin<\/p>\n<p>&#8211; Usine d\u2019embouteillage des eaux d\u2019Evian \u2013 Amphion-les- Bains<\/p>\n<p>&#8211; Ch\u00e2teau de la Ripaille \u2013 Thonon les bains<\/p>\n<p>&#8211; Mus\u00e9e de la musique m\u00e9canique \u2013 Les Gets<\/p>\n<p>&#8211; Mus\u00e9e de la pr\u00e9histoire \u2013 Sciez<\/p>\n<p>&#8211; Domaine du Guidou \u2013 Sciez<\/p>\n<p>&#8211; Mus\u00e9e d\u2019art et floklore \u2013 Fessy<\/p>\n<p>&#8211; Alimentarium, Mus\u00e9e de l\u2019alimentation \u2013 Vevey \u2013 Suisse<\/p>\n<p>&#8211; Fabrique de chocolat \u2013 Vevey (ville de Nestl\u00e9) \u2013 Suisse<\/p>\n<p>&#8211; Fun planet, bowling, billard, laser game, karting \u2013 Villeneuve<\/p>\n<p>&#8211; Fondation Gianada (exposition de peintres c\u00e9l\u00e9bres) \u2013 Martigny \u2013 Suisse<\/p>\n<p>&#8211; Ch\u00e2teau de Chillon \u2013 Chillon \u2013 Suisse<\/p>\n<p>&#8211; Mus\u00e9e Olympique \u2013 Lausanne \u2013 Suisse<\/p>\n<p>&#8211; Mus\u00e9e Milouti, La Grange de Servette \u2013 Servette<\/p>\n<p>&#8211; Mus\u00e9e de l\u2019homme et d\u2019histoire naturelle \u2013 Gen\u00e8ve<\/p>\n<p>&#8211; Mus\u00e9e de l\u2019horlogerie<\/p>\n<p>&#8211; Mus\u00e9e de l\u2019automobile &#8211; Gen\u00e8ve[\/vc_column_text][\/vc_column][vc_column width=\u00a0\u00bb1\/2&Prime;][vc_column_text]<\/p>\n<h3>LES VISITES EN PLEIN AIR\u00a0:<\/h3>\n<p>&nbsp;<\/p>\n<p>&#8211; Gorges du pont du diable \u2013 Le Jotty<\/p>\n<p>&#8211; Les sentiers de la m\u00e9tamorphose &#8211; Sciez<\/p>\n<p>&nbsp;<\/p>\n<h3>LES ACTIVITES DE PLEIN AIR<\/h3>\n<p>&nbsp;<\/p>\n<p>&#8211; Parcours Aventure Accrobranche \u2013 Sciez<\/p>\n<p>&#8211; Les Aigles du L\u00e9man (volerie des aigles ) \u2013 Sciez<\/p>\n<p>&#8211; Aquaparc \u2013 Le Bouveret \u2013 Suisse<\/p>\n<p>&#8211; Location de b\u00e2teaux , wake board\u00a0: port de Sciez , port de Thonon, port d\u2019Evian<\/p>\n<p>&#8211; Rafting sur la Dranse, mais aussi la rivi\u00e8re du Giffre \u00e0 Samoens (\u00e0 1 h )<\/p>\n<p>&nbsp;<\/p>\n<h3>LES ACTIVIT\u00c9S EN SALLE<\/h3>\n<p>&nbsp;<\/p>\n<p>&#8211; Cit\u00e9 de l\u2019eau \u2013 Amphion-les- bains (commune de Publier)<\/p>\n<p>&#8211; Bowling et billard \u2013 Margencel, zone commercial L\u00e9man 2[\/vc_column_text][\/vc_column][\/vc_row][vc_row][vc_column][vc_empty_space height=\u00a0\u00bb80px\u00a0\u00bb][\/vc_column][\/vc_row]<\/p>\n<\/div>","protected":false},"excerpt":{"rendered":"<p>[vc_row css=\u00a0\u00bb.vc_custom_1455715052774{margin-top: 60px !important;}\u00a0\u00bb][vc_column css=\u00a0\u00bb.vc_custom_1456213267191{padding-top: 0px !important;}\u00a0\u00bb][vc_empty_space height=\u00a0\u00bb20px\u00a0\u00bb][vc_empty_space height=\u00a0\u00bb20px\u00a0\u00bb][vc_empty_space height=\u00a0\u00bb20px\u00a0\u00bb][vc_empty_space height=\u00a0\u00bb40px\u00a0\u00bb][\/vc_column][\/vc_row][vc_row][vc_column width=\u00a0\u00bb1\/3&Prime; css=\u00a0\u00bb.vc_custom_1456762997384{padding-top: 10px !important;padding-bottom: 10px !important;}\u00a0\u00bb][vc_single_image image=\u00a0\u00bb1395&Prime; img_size=\u00a0\u00bb300&#215;300&Prime; alignment=\u00a0\u00bbcenter\u00a0\u00bb style=\u00a0\u00bbvc_box_circle\u00a0\u00bb][vc_empty_space height=\u00a0\u00bb25px\u00a0\u00bb][vc_column_text] 1 trampoline pro de 4m30 [\/vc_column_text][\/vc_column][vc_column width=\u00a0\u00bb1\/3&Prime;][vc_single_image image=\u00a0\u00bb928&Prime; img_size=\u00a0\u00bb\u00a0\u00bb alignment=\u00a0\u00bbcenter\u00a0\u00bb style=\u00a0\u00bbvc_box_circle\u00a0\u00bb][vc_empty_space height=\u00a0\u00bb25px\u00a0\u00bb][vc_column_text] Ping Pong [\/vc_column_text][\/vc_column][vc_column width=\u00a0\u00bb1\/3&Prime;][vc_single_image image=\u00a0\u00bb1393&Prime; img_size=\u00a0\u00bb300&#215;300&Prime; alignment=\u00a0\u00bbcenter\u00a0\u00bb style=\u00a0\u00bbvc_box_circle\u00a0\u00bb][vc_empty_space height=\u00a0\u00bb25px\u00a0\u00bb][vc_column_text] 1 Jeu de HOME BALL (en voir plus) [\/vc_column_text][\/vc_column][\/vc_row][vc_row][vc_column][vc_empty_space height=\u00a0\u00bb50px\u00a0\u00bb][\/vc_column][\/vc_row][vc_row][vc_column width=\u00a0\u00bb1\/3&Prime; css=\u00a0\u00bb.vc_custom_1456762997384{padding-top: &#8230;<\/p>\n","protected":false},"author":1,"featured_media":653,"parent":0,"menu_order":0,"comment_status":"closed","ping_status":"closed","template":"","meta":{"footnotes":""},"categories":[],"tags":[],"class_list":["post-732","page","type-page","status-publish","has-post-thumbnail","hentry"],"_links":{"self":[{"href":"https:\/\/www.parcdeladranse.com\/camping\/wp-json\/wp\/v2\/pages\/732","targetHints":{"allow":["GET"]}}],"collection":[{"href":"https:\/\/www.parcdeladranse.com\/camping\/wp-json\/wp\/v2\/pages"}],"about":[{"href":"https:\/\/www.parcdeladranse.com\/camping\/wp-json\/wp\/v2\/types\/page"}],"author":[{"embeddable":true,"href":"https:\/\/www.parcdeladranse.com\/camping\/wp-json\/wp\/v2\/users\/1"}],"replies":[{"embeddable":true,"href":"https:\/\/www.parcdeladranse.com\/camping\/wp-json\/wp\/v2\/comments?post=732"}],"version-history":[{"count":45,"href":"https:\/\/www.parcdeladranse.com\/camping\/wp-json\/wp\/v2\/pages\/732\/revisions"}],"predecessor-version":[{"id":1493,"href":"https:\/\/www.parcdeladranse.com\/camping\/wp-json\/wp\/v2\/pages\/732\/revisions\/1493"}],"wp:featuredmedia":[{"embeddable":true,"href":"https:\/\/www.parcdeladranse.com\/camping\/wp-json\/wp\/v2\/media\/653"}],"wp:attachment":[{"href":"https:\/\/www.parcdeladranse.com\/camping\/wp-json\/wp\/v2\/media?parent=732"}],"wp:term":[{"taxonomy":"category","embeddable":true,"href":"https:\/\/www.parcdeladranse.com\/camping\/wp-json\/wp\/v2\/categories?post=732"},{"taxonomy":"post_tag","embeddable":true,"href":"https:\/\/www.parcdeladranse.com\/camping\/wp-json\/wp\/v2\/tags?post=732"}],"curies":[{"name":"wp","href":"https:\/\/api.w.org\/{rel}","templated":true}]}}